
{"id":39,"date":"2021-12-17T08:03:56","date_gmt":"2021-12-17T08:03:56","guid":{"rendered":"http:\/\/127.0.0.1:8000\/tenants_template\/tenants_template_demo\/?page_id=42"},"modified":"2022-06-23T01:44:34","modified_gmt":"2022-06-23T01:44:34","slug":"lien-he","status":"publish","type":"page","link":"https:\/\/luatdoangia.vn\/index.php\/lien-he\/","title":{"rendered":"Li\u00ean h\u1ec7"},"content":{"rendered":"\t<section class=\"section page_contact_1\" id=\"section_1520129717\">\n\t\t<div class=\"bg section-bg fill bg-fill  bg-loaded\" >\n\n\t\t\t\n\t\t\t\n\t\t\t\n\n\t\t<\/div>\n\n\t\t<div class=\"section-content relative\">\n\t\t\t\n<p><iframe src=\"https:\/\/www.google.com\/maps\/embed?pb=!1m18!1m12!1m3!1d3725.2522940130875!2d105.76545231457851!3d20.982521494731884!2m3!1f0!2f0!3f0!3m2!1i1024!2i768!4f13.1!3m3!1m2!1s0x313453dd8a3da6bb%3A0xf2361404e5cd2ec7!2zQ8O0bmcgdHkgTHXhuq10IMSQb8OgbiBHaWE!5e0!3m2!1svi!2s!4v1654592863160!5m2!1svi!2s\" width=\"100%\" height=\"450\" style=\"border:0;\" allowfullscreen=\"\" loading=\"lazy\" referrerpolicy=\"no-referrer-when-downgrade\"><\/iframe><br \/>\n<div class=\"row\"  id=\"row-1947187657\">\n\n\t<div id=\"col-1358597122\" class=\"col medium-6 small-12 large-6\"  >\n\t\t\t\t<div class=\"col-inner\"  >\n\t\t\t\n\t\t\t\n\t<div id=\"text-3142505293\" class=\"text\">\n\t\t\n<h2><strong>Li\u00ean h\u1ec7<\/strong><\/h2>\n<p>Th\u00f4ng tin chi ti\u1ebft vui l\u00f2ng li\u00ean h\u1ec7:<\/p>\n<p style=\"text-align: left;\"><strong>C\u00d4NG TY LU\u1eacT \u0110O\u00c0N GIA<\/strong><\/p>\n\t\t\n<style>\n#text-3142505293 {\n  text-align: left;\n}\n<\/style>\n\t<\/div>\n\t\n<div class=\"row\"  id=\"row-1416490782\">\n\n\t<div id=\"col-1866545252\" class=\"col medium-2 small-12 large-2\"  >\n\t\t\t\t<div class=\"col-inner\"  >\n\t\t\t\n\t\t\t\n\t<div class=\"img has-hover x md-x lg-x y md-y lg-y\" id=\"image_2000886603\">\n\t\t\t\t\t\t\t\t<div class=\"img-inner dark\" >\n\t\t\t<img width=\"981\" height=\"780\" src=\"https:\/\/luatdoangia.vn\/wp-content\/uploads\/2022\/06\/img_8.png\" class=\"attachment-large size-large\" alt=\"\" loading=\"lazy\" srcset=\"https:\/\/luatdoangia.vn\/wp-content\/uploads\/2022\/06\/img_8.png 981w, https:\/\/luatdoangia.vn\/wp-content\/uploads\/2022\/06\/img_8-300x239.png 300w, https:\/\/luatdoangia.vn\/wp-content\/uploads\/2022\/06\/img_8-768x611.png 768w\" sizes=\"(max-width: 981px) 100vw, 981px\" \/>\t\t\t\t\t\t\n\t\t\t\t\t<\/div>\n\t\t\t\t\t\t\t\t\n<style>\n#image_2000886603 {\n  width: 60%;\n}\n<\/style>\n\t<\/div>\n\t\n\t\t<\/div>\n\t\t\t\t\n<style>\n#col-1866545252 > .col-inner {\n  padding: 0px 0px 0px 17px;\n  margin: 4px 0px 0px 0px;\n}\n<\/style>\n\t<\/div>\n\n\t\n\n\t<div id=\"col-1421561039\" class=\"col medium-10 small-12 large-10\"  >\n\t\t\t\t<div class=\"col-inner\"  >\n\t\t\t\n\t\t\t\n<p>S\u1ed1 3 &#8211; LK4 Khu \u0111\u00f4 th\u1ecb m\u1edbi V\u1ea1n Ph\u00fac, ph\u01b0\u1eddng V\u1ea1n Ph\u00fac, qu\u1eadn H\u00e0 \u0110\u00f4ng, th\u00e0nh ph\u1ed1 H\u00e0 N\u1ed9i<\/p>\n\t\t<\/div>\n\t\t\t\t\n<style>\n#col-1421561039 > .col-inner {\n  padding: 0px 0px 0px 0px;\n  margin: 0px 0px -50px -26px;\n}\n<\/style>\n\t<\/div>\n\n\t\n<\/div>\n<div class=\"row\"  id=\"row-1261926639\">\n\n\t<div id=\"col-745040574\" class=\"col medium-2 small-12 large-2\"  >\n\t\t\t\t<div class=\"col-inner\"  >\n\t\t\t\n\t\t\t\n\t<div class=\"img has-hover x md-x lg-x y md-y lg-y\" id=\"image_1330680393\">\n\t\t\t\t\t\t\t\t<div class=\"img-inner dark\" >\n\t\t\t<img width=\"980\" height=\"980\" src=\"https:\/\/luatdoangia.vn\/wp-content\/uploads\/2022\/06\/img_451742.png\" class=\"attachment-large size-large\" alt=\"\" loading=\"lazy\" srcset=\"https:\/\/luatdoangia.vn\/wp-content\/uploads\/2022\/06\/img_451742.png 980w, https:\/\/luatdoangia.vn\/wp-content\/uploads\/2022\/06\/img_451742-300x300.png 300w, https:\/\/luatdoangia.vn\/wp-content\/uploads\/2022\/06\/img_451742-150x150.png 150w, https:\/\/luatdoangia.vn\/wp-content\/uploads\/2022\/06\/img_451742-768x768.png 768w\" sizes=\"(max-width: 980px) 100vw, 980px\" \/>\t\t\t\t\t\t\n\t\t\t\t\t<\/div>\n\t\t\t\t\t\t\t\t\n<style>\n#image_1330680393 {\n  width: 60%;\n}\n<\/style>\n\t<\/div>\n\t\n\t\t<\/div>\n\t\t\t\t\n<style>\n#col-745040574 > .col-inner {\n  padding: 0px 0px 0px 17px;\n  margin: 7px 0px 0px 0px;\n}\n<\/style>\n\t<\/div>\n\n\t\n\n\t<div id=\"col-2020942243\" class=\"col medium-10 small-12 large-10\"  >\n\t\t\t\t<div class=\"col-inner\"  >\n\t\t\t\n\t\t\t\n<p>0984296868<\/p>\n\t\t<\/div>\n\t\t\t\t\n<style>\n#col-2020942243 > .col-inner {\n  margin: 9px 0px -51px -26px;\n}\n<\/style>\n\t<\/div>\n\n\t\n<\/div>\n<div class=\"row\"  id=\"row-1778051740\">\n\n\t<div id=\"col-869731254\" class=\"col medium-2 small-12 large-2\"  >\n\t\t\t\t<div class=\"col-inner\"  >\n\t\t\t\n\t\t\t\n\t<div class=\"img has-hover x md-x lg-x y md-y lg-y\" id=\"image_149299003\">\n\t\t\t\t\t\t\t\t<div class=\"img-inner dark\" >\n\t\t\t<img width=\"980\" height=\"720\" src=\"https:\/\/luatdoangia.vn\/wp-content\/uploads\/2022\/06\/47870-6-email-free-transparent-image-hd.png\" class=\"attachment-large size-large\" alt=\"\" loading=\"lazy\" srcset=\"https:\/\/luatdoangia.vn\/wp-content\/uploads\/2022\/06\/47870-6-email-free-transparent-image-hd.png 980w, https:\/\/luatdoangia.vn\/wp-content\/uploads\/2022\/06\/47870-6-email-free-transparent-image-hd-300x220.png 300w, https:\/\/luatdoangia.vn\/wp-content\/uploads\/2022\/06\/47870-6-email-free-transparent-image-hd-768x564.png 768w\" sizes=\"(max-width: 980px) 100vw, 980px\" \/>\t\t\t\t\t\t\n\t\t\t\t\t<\/div>\n\t\t\t\t\t\t\t\t\n<style>\n#image_149299003 {\n  width: 60%;\n}\n<\/style>\n\t<\/div>\n\t\n\t\t<\/div>\n\t\t\t\t\n<style>\n#col-869731254 > .col-inner {\n  padding: 0 0px 0px 17px;\n  margin: -10px 0px 0px 0px;\n}\n<\/style>\n\t<\/div>\n\n\t\n\n\t<div id=\"col-1226518898\" class=\"col medium-10 small-12 large-10\"  >\n\t\t\t\t<div class=\"col-inner\"  >\n\t\t\t\n\t\t\t\n<p>info@luatdoangia.vn<\/p>\n\t\t<\/div>\n\t\t\t\t\n<style>\n#col-1226518898 > .col-inner {\n  padding: 0px 22px 10px 0px;\n  margin: -8px 1px -50px -26px;\n}\n<\/style>\n\t<\/div>\n\n\t\n<\/div>\n\t\t<\/div>\n\t\t\t\t\t<\/div>\n\n\t\n\n\t<div id=\"col-1197515288\" class=\"col medium-6 small-12 large-6\"  >\n\t\t\t\t<div class=\"col-inner\"  >\n\t\t\t\n\t\t\t\n<div role=\"form\" class=\"wpcf7\" id=\"wpcf7-f1082-o1\" lang=\"vi\" dir=\"ltr\">\n<div class=\"screen-reader-response\"><p role=\"status\" aria-live=\"polite\" aria-atomic=\"true\"><\/p> <ul><\/ul><\/div>\n<form action=\"\/index.php\/wp-json\/wp\/v2\/pages\/39#wpcf7-f1082-o1\" method=\"post\" class=\"wpcf7-form init\" novalidate=\"novalidate\" data-status=\"init\">\n<div style=\"display: none;\">\n<input type=\"hidden\" name=\"_wpcf7\" value=\"1082\" \/>\n<input type=\"hidden\" name=\"_wpcf7_version\" value=\"5.5.3\" \/>\n<input type=\"hidden\" name=\"_wpcf7_locale\" value=\"vi\" \/>\n<input type=\"hidden\" name=\"_wpcf7_unit_tag\" value=\"wpcf7-f1082-o1\" \/>\n<input type=\"hidden\" name=\"_wpcf7_container_post\" value=\"0\" \/>\n<input type=\"hidden\" name=\"_wpcf7_posted_data_hash\" value=\"\" \/>\n<\/div>\n<p><label> H\u1ecd v\u00e0 t\u00ean<br \/>\n    <span class=\"wpcf7-form-control-wrap your-name\"><input type=\"text\" name=\"your-name\" value=\"\" size=\"40\" class=\"wpcf7-form-control wpcf7-text wpcf7-validates-as-required\" aria-required=\"true\" aria-invalid=\"false\" \/><\/span> <\/label><\/p>\n<p><label> Email<br \/>\n    <span class=\"wpcf7-form-control-wrap your-email\"><input type=\"email\" name=\"your-email\" value=\"\" size=\"40\" class=\"wpcf7-form-control wpcf7-text wpcf7-email wpcf7-validates-as-required wpcf7-validates-as-email\" aria-required=\"true\" aria-invalid=\"false\" \/><\/span> <\/label><\/p>\n<p><label> Ti\u00eau \u0111\u1ec1<br \/>\n    <span class=\"wpcf7-form-control-wrap your-subject\"><input type=\"text\" name=\"your-subject\" value=\"\" size=\"40\" class=\"wpcf7-form-control wpcf7-text wpcf7-validates-as-required\" aria-required=\"true\" aria-invalid=\"false\" \/><\/span> <\/label><\/p>\n<p><label> N\u1ed9i dung (optional)<br \/>\n    <span class=\"wpcf7-form-control-wrap your-message\"><textarea name=\"your-message\" cols=\"40\" rows=\"10\" class=\"wpcf7-form-control wpcf7-textarea\" aria-invalid=\"false\"><\/textarea><\/span> <\/label><\/p>\n<p><input type=\"submit\" value=\"Submit\" class=\"wpcf7-form-control has-spinner wpcf7-submit\" \/><\/p>\n<div class=\"wpcf7-response-output\" aria-hidden=\"true\"><\/div><\/form><\/div>\n\t\t<\/div>\n\t\t\t\t\t<\/div>\n\n\t\n<\/div>\n\t\t<\/div>\n\n\t\t\n<style>\n#section_1520129717 {\n  padding-top: 0px;\n  padding-bottom: 0px;\n}\n<\/style>\n\t<\/section>\n\t\n","protected":false},"excerpt":{"rendered":"","protected":false},"author":1,"featured_media":0,"parent":0,"menu_order":0,"comment_status":"closed","ping_status":"closed","template":"page-blank.php","meta":[],"yoast_head":"<!-- This site is optimized with the Yoast SEO plugin v17.8 - https:\/\/yoast.com\/wordpress\/plugins\/seo\/ -->\n<title>Li\u00ean h\u1ec7 &ndash; Lu\u1eadt \u0110o\u00e0n Gia<\/title>\n<meta name=\"robots\" content=\"index, follow, max-snippet:-1, max-image-preview:large, max-video-preview:-1\" \/>\n<link rel=\"canonical\" href=\"https:\/\/luatdoangia.vn\/index.php\/lien-he\/\" \/>\n<meta property=\"og:locale\" content=\"vi_VN\" \/>\n<meta property=\"og:type\" content=\"article\" \/>\n<meta property=\"og:title\" content=\"Li\u00ean h\u1ec7 &ndash; Lu\u1eadt \u0110o\u00e0n Gia\" \/>\n<meta property=\"og:url\" content=\"https:\/\/luatdoangia.vn\/index.php\/lien-he\/\" \/>\n<meta property=\"og:site_name\" content=\"Lu\u1eadt \u0110o\u00e0n Gia\" \/>\n<meta property=\"article:modified_time\" content=\"2022-06-23T01:44:34+00:00\" \/>\n<meta name=\"twitter:card\" content=\"summary_large_image\" \/>\n<meta name=\"twitter:label1\" content=\"\u01af\u1edbc t\u00ednh th\u1eddi gian \u0111\u1ecdc\" \/>\n\t<meta name=\"twitter:data1\" content=\"1 ph\u00fat\" \/>\n<script type=\"application\/ld+json\" class=\"yoast-schema-graph\">{\"@context\":\"https:\/\/schema.org\",\"@graph\":[{\"@type\":\"WebSite\",\"@id\":\"https:\/\/luatdoangia.vn\/#website\",\"url\":\"https:\/\/luatdoangia.vn\/\",\"name\":\"Lu\\u1eadt \\u0110o\\u00e0n Gia\",\"description\":\"\\u0110i\\u1ec3m s\\u00e1ng ph\\u00e1p lu\\u1eadt\",\"potentialAction\":[{\"@type\":\"SearchAction\",\"target\":{\"@type\":\"EntryPoint\",\"urlTemplate\":\"https:\/\/luatdoangia.vn\/?s={search_term_string}\"},\"query-input\":\"required name=search_term_string\"}],\"inLanguage\":\"vi\"},{\"@type\":\"WebPage\",\"@id\":\"https:\/\/luatdoangia.vn\/index.php\/lien-he\/#webpage\",\"url\":\"https:\/\/luatdoangia.vn\/index.php\/lien-he\/\",\"name\":\"Li\\u00ean h\\u1ec7 &ndash; Lu\\u1eadt \\u0110o\\u00e0n Gia\",\"isPartOf\":{\"@id\":\"https:\/\/luatdoangia.vn\/#website\"},\"datePublished\":\"2021-12-17T08:03:56+00:00\",\"dateModified\":\"2022-06-23T01:44:34+00:00\",\"breadcrumb\":{\"@id\":\"https:\/\/luatdoangia.vn\/index.php\/lien-he\/#breadcrumb\"},\"inLanguage\":\"vi\",\"potentialAction\":[{\"@type\":\"ReadAction\",\"target\":[\"https:\/\/luatdoangia.vn\/index.php\/lien-he\/\"]}]},{\"@type\":\"BreadcrumbList\",\"@id\":\"https:\/\/luatdoangia.vn\/index.php\/lien-he\/#breadcrumb\",\"itemListElement\":[{\"@type\":\"ListItem\",\"position\":1,\"name\":\"Li\\u00ean h\\u1ec7\"}]}]}<\/script>\n<!-- \/ Yoast SEO plugin. -->","yoast_head_json":{"title":"Li\u00ean h\u1ec7 &ndash; Lu\u1eadt \u0110o\u00e0n Gia","robots":{"index":"index","follow":"follow","max-snippet":"max-snippet:-1","max-image-preview":"max-image-preview:large","max-video-preview":"max-video-preview:-1"},"canonical":"https:\/\/luatdoangia.vn\/index.php\/lien-he\/","og_locale":"vi_VN","og_type":"article","og_title":"Li\u00ean h\u1ec7 &ndash; Lu\u1eadt \u0110o\u00e0n Gia","og_url":"https:\/\/luatdoangia.vn\/index.php\/lien-he\/","og_site_name":"Lu\u1eadt \u0110o\u00e0n Gia","article_modified_time":"2022-06-23T01:44:34+00:00","twitter_card":"summary_large_image","twitter_misc":{"\u01af\u1edbc t\u00ednh th\u1eddi gian \u0111\u1ecdc":"1 ph\u00fat"},"schema":{"@context":"https:\/\/schema.org","@graph":[{"@type":"WebSite","@id":"https:\/\/luatdoangia.vn\/#website","url":"https:\/\/luatdoangia.vn\/","name":"Lu\u1eadt \u0110o\u00e0n Gia","description":"\u0110i\u1ec3m s\u00e1ng ph\u00e1p lu\u1eadt","potentialAction":[{"@type":"SearchAction","target":{"@type":"EntryPoint","urlTemplate":"https:\/\/luatdoangia.vn\/?s={search_term_string}"},"query-input":"required name=search_term_string"}],"inLanguage":"vi"},{"@type":"WebPage","@id":"https:\/\/luatdoangia.vn\/index.php\/lien-he\/#webpage","url":"https:\/\/luatdoangia.vn\/index.php\/lien-he\/","name":"Li\u00ean h\u1ec7 &ndash; Lu\u1eadt \u0110o\u00e0n Gia","isPartOf":{"@id":"https:\/\/luatdoangia.vn\/#website"},"datePublished":"2021-12-17T08:03:56+00:00","dateModified":"2022-06-23T01:44:34+00:00","breadcrumb":{"@id":"https:\/\/luatdoangia.vn\/index.php\/lien-he\/#breadcrumb"},"inLanguage":"vi","potentialAction":[{"@type":"ReadAction","target":["https:\/\/luatdoangia.vn\/index.php\/lien-he\/"]}]},{"@type":"BreadcrumbList","@id":"https:\/\/luatdoangia.vn\/index.php\/lien-he\/#breadcrumb","itemListElement":[{"@type":"ListItem","position":1,"name":"Li\u00ean h\u1ec7"}]}]}},"_links":{"self":[{"href":"https:\/\/luatdoangia.vn\/index.php\/wp-json\/wp\/v2\/pages\/39"}],"collection":[{"href":"https:\/\/luatdoangia.vn\/index.php\/wp-json\/wp\/v2\/pages"}],"about":[{"href":"https:\/\/luatdoangia.vn\/index.php\/wp-json\/wp\/v2\/types\/page"}],"author":[{"embeddable":true,"href":"https:\/\/luatdoangia.vn\/index.php\/wp-json\/wp\/v2\/users\/1"}],"replies":[{"embeddable":true,"href":"https:\/\/luatdoangia.vn\/index.php\/wp-json\/wp\/v2\/comments?post=39"}],"version-history":[{"count":37,"href":"https:\/\/luatdoangia.vn\/index.php\/wp-json\/wp\/v2\/pages\/39\/revisions"}],"predecessor-version":[{"id":1109,"href":"https:\/\/luatdoangia.vn\/index.php\/wp-json\/wp\/v2\/pages\/39\/revisions\/1109"}],"wp:attachment":[{"href":"https:\/\/luatdoangia.vn\/index.php\/wp-json\/wp\/v2\/media?parent=39"}],"curies":[{"name":"wp","href":"https:\/\/api.w.org\/{rel}","templated":true}]}}