
{"id":605,"date":"2022-06-07T07:07:47","date_gmt":"2022-06-07T07:07:47","guid":{"rendered":"https:\/\/luatdoangia.vn\/?page_id=605"},"modified":"2022-06-22T04:16:06","modified_gmt":"2022-06-22T04:16:06","slug":"ve-chung-toi","status":"publish","type":"page","link":"https:\/\/luatdoangia.vn\/index.php\/gioi-thieu\/ve-chung-toi\/","title":{"rendered":"V\u1ec1 ch\u00fang t\u00f4i"},"content":{"rendered":"\t<section class=\"section\" id=\"section_523964863\">\n\t\t<div class=\"bg section-bg fill bg-fill  bg-loaded\" >\n\n\t\t\t\n\t\t\t\n\t\t\t\n\n\t\t<\/div>\n\n\t\t<div class=\"section-content relative\">\n\t\t\t\n<div class=\"row\"  id=\"row-656700556\">\n\n\t<div id=\"col-2010622397\" class=\"col medium-6 small-12 large-6\"  data-animate=\"fadeInLeft\">\n\t\t\t\t<div class=\"col-inner\"  >\n\t\t\t\n\t\t\t\n<p><b>C\u00f4ng ty Lu\u1eadt TNHH \u0110o\u00e0n Gia<\/b><span style=\"font-weight: 400;\"> l\u00e0 m\u1ed9t trong nh\u1eefng C\u00f4ng ty Lu\u1eadt uy t\u00edn t\u1ea1i Vi\u1ec7t Nam, v\u1edbi n\u1ec1n t\u1ea3ng \u0111\u1ed9i ng\u0169 Lu\u1eadt s\u01b0, Chuy\u00ean vi\u00ean ph\u00e1p l\u00fd gi\u00e0u kinh nghi\u1ec7m, c\u00f3 ki\u1ebfn th\u1ee9c chuy\u00ean m\u00f4n cao v\u00e0 am hi\u1ec3u s\u00e2u s\u1eafc v\u1ec1 ph\u00e1p lu\u1eadt. Ch\u00fang t\u00f4i cung \u1ee9ng d\u1ecbch v\u1ee5 ph\u00e1p l\u00fd chuy\u00ean nghi\u1ec7p cho c\u00e1 nh\u00e2n, doanh nghi\u1ec7p, nh\u00e0 \u0111\u1ea7u t\u01b0 trong n\u01b0\u1edbc v\u00e0 qu\u1ed1c t\u1ebf t\u1ea1i nhi\u1ec1u l\u0129nh v\u1ef1c kh\u00e1c nhau nh\u01b0: \u0110\u1ea7u t\u01b0, Doanh nghi\u1ec7p, H\u00ecnh s\u1ef1, D\u00e2n s\u1ef1, Kinh doanh th\u01b0\u01a1ng m\u1ea1i, \u0110\u1ea5t \u0111ai, Lao \u0111\u1ed9ng, H\u00f4n nh\u00e2n &amp; gia \u0111\u00ecnh \u2026\u00a0<\/span><\/p>\n<p><span style=\"font-weight: 400;\">V\u1edbi kim ch\u1ec9 nam \u201cT\u1eadn t\u00e2m v\u00ec c\u00f4ng l\u00fd\u201d, <\/span><b>Lu\u1eadt \u0110o\u00e0n Gia<\/b><span style=\"font-weight: 400;\"> t\u1ef1 h\u00e0o lu\u00f4n mang \u0111\u1ebfn cho Qu\u00fd kh\u00e1ch h\u00e0ng nh\u1eefng d\u1ecbch v\u1ee5 ph\u00e1p l\u00fd nhanh ch\u00f3ng, chu \u0111\u00e1o v\u00e0 ch\u00ednh x\u00e1c nh\u1ea5t. B\u1eb1ng s\u1ef1 nhi\u1ec7t huy\u1ebft, tinh th\u1ea7n l\u00e0m vi\u1ec7c tr\u00e1ch nhi\u1ec7m, n\u1ed7 l\u1ef1c ph\u1ea5n \u0111\u1ea5u kh\u00f4ng ng\u1eebng ngh\u1ec9, phong c\u00e1ch chuy\u00ean nghi\u1ec7p v\u00e0 lu\u00f4n \u0111\u1eb7t quy\u1ec1n l\u1ee3i kh\u00e1ch h\u00e0ng l\u00ean h\u00e0ng \u0111\u1ea7u \u0111\u00e3 t\u1ea1o n\u00ean s\u1ef1 kh\u00e1c bi\u1ec7t gi\u1eefa \u0111\u1ed9i ng\u0169 Lu\u1eadt s\u01b0\/ Chuy\u00ean vi\u00ean ph\u00e1p l\u00fd thu\u1ed9c C\u00f4ng ty Lu\u1eadt TNHH \u0110o\u00e0n Gia \u0111\u1ed1i v\u1edbi nh\u1eefng C\u00f4ng ty Lu\u1eadt kh\u00e1c.<\/span><\/p>\n\t\t<\/div>\n\t\t\t\t\t<\/div>\n\n\t\n\n\t<div id=\"col-533412236\" class=\"col medium-6 small-12 large-6\"  >\n\t\t\t\t<div class=\"col-inner\"  >\n\t\t\t\n\t\t\t\n\t<div class=\"img has-hover x md-x lg-x y md-y lg-y\" id=\"image_1306617274\">\n\t\t\t\t\t\t<div data-animate=\"fadeInRight\">\t\t<div class=\"img-inner image-zoom-long image-cover dark\" style=\"padding-top:87%;\">\n\t\t\t<img width=\"739\" height=\"527\" src=\"https:\/\/luatdoangia.vn\/wp-content\/uploads\/2022\/06\/Capture6.png\" class=\"attachment-large size-large\" alt=\"\" loading=\"lazy\" srcset=\"https:\/\/luatdoangia.vn\/wp-content\/uploads\/2022\/06\/Capture6.png 739w, https:\/\/luatdoangia.vn\/wp-content\/uploads\/2022\/06\/Capture6-300x214.png 300w\" sizes=\"(max-width: 739px) 100vw, 739px\" \/>\t\t\t\t\t\t\n\t\t\t\t\t<\/div>\n\t\t<\/div>\t\t\t\t\t\t\n<style>\n#image_1306617274 {\n  width: 100%;\n}\n<\/style>\n\t<\/div>\n\t\n\t\t<\/div>\n\t\t\t\t\t<\/div>\n\n\t\n<\/div>\n<div><strong>\u0110O\u00c0N LU\u1eacT S\u01af TH\u00c0NH PH\u1ed0 H\u00c0 N\u1ed8I \u2013 C\u00d4NG TY LU\u1eacT TNHH \u0110O\u00c0N GIA<\/strong><\/div>\n<div><strong>Ng\u01b0\u1eddi \u0111\u1ea1i di\u1ec7n:<\/strong>\u00a0\u0110o\u00e0n V\u0103n T\u01b0<\/div>\n<div><strong>M\u00e3 s\u1ed1 thu\u1ebf:<\/strong>\u00a00109603091<\/div>\n<div><b>\u0110\u1ecba ch\u1ec9:\u00a0<\/b>S\u1ed1 3 \u2013 LK4 Khu \u0111\u00f4 th\u1ecb m\u1edbi V\u1ea1n Ph\u00fac, ph\u01b0\u1eddng V\u1ea1n Ph\u00fac, qu\u1eadn H\u00e0 \u0110\u00f4ng, th\u00e0nh ph\u1ed1 H\u00e0 N\u1ed9i<\/div>\n<div><strong>\u0110i\u1ec7n tho\u1ea1i:<\/strong>\u00a00984296868 \u2013 0978762268 \u2013 0989992524 \u2013 0962082385<\/div>\n<div><strong>Website:<\/strong>\u00a0https:\/\/luatdoangia.vn\/<\/div>\n<div><strong>Email:<\/strong>\u00a0info@luatdoangia.vn<\/div>\n<div class=\"row\"  id=\"row-461324798\">\n\n\t<div id=\"col-119501486\" class=\"col small-12 large-12\"  >\n\t\t\t\t<div class=\"col-inner\"  >\n\t\t\t\n\t\t\t\n<p><strong>M\u1ed9t s\u1ed1 h\u00ecnh \u1ea3nh c\u1ee7a C\u00f4ng ty<\/strong><\/p>\n\t\t<\/div>\n\t\t\t\t\t<\/div>\n\n\t\n\n<style>\n#row-461324798 > .col > .col-inner {\n  padding: 21px 0px 0px 0px;\n}\n<\/style>\n<\/div>\n<div class=\"row\"  id=\"row-1711767010\">\n\n\t<div id=\"col-1951492799\" class=\"col medium-4 small-12 large-4\"  >\n\t\t\t\t<div class=\"col-inner\"  >\n\t\t\t\n\t\t\t\n\t<div class=\"img has-hover x md-x lg-x y md-y lg-y\" id=\"image_1156069978\">\n\t\t\t\t\t\t\t\t<div class=\"img-inner image-zoom-long dark\" >\n\t\t\t<img width=\"1020\" height=\"816\" src=\"https:\/\/luatdoangia.vn\/wp-content\/uploads\/2022\/06\/Gioi-thieu-2-1-1024x819.jpg\" class=\"attachment-large size-large\" alt=\"\" loading=\"lazy\" srcset=\"https:\/\/luatdoangia.vn\/wp-content\/uploads\/2022\/06\/Gioi-thieu-2-1-1024x819.jpg 1024w, https:\/\/luatdoangia.vn\/wp-content\/uploads\/2022\/06\/Gioi-thieu-2-1-300x240.jpg 300w, https:\/\/luatdoangia.vn\/wp-content\/uploads\/2022\/06\/Gioi-thieu-2-1-768x614.jpg 768w, https:\/\/luatdoangia.vn\/wp-content\/uploads\/2022\/06\/Gioi-thieu-2-1-1536x1229.jpg 1536w, https:\/\/luatdoangia.vn\/wp-content\/uploads\/2022\/06\/Gioi-thieu-2-1-2048x1638.jpg 2048w\" sizes=\"(max-width: 1020px) 100vw, 1020px\" \/>\t\t\t\t\t\t\n\t\t\t\t\t<\/div>\n\t\t\t\t\t\t\t\t\n<style>\n#image_1156069978 {\n  width: 100%;\n}\n<\/style>\n\t<\/div>\n\t\n\t\t<\/div>\n\t\t\t\t\t<\/div>\n\n\t\n\n\t<div id=\"col-338709837\" class=\"col medium-4 small-12 large-4\"  >\n\t\t\t\t<div class=\"col-inner\"  >\n\t\t\t\n\t\t\t\n\t<div class=\"img has-hover x md-x lg-x y md-y lg-y\" id=\"image_224405291\">\n\t\t\t\t\t\t\t\t<div class=\"img-inner image-zoom-long image-cover dark\" style=\"padding-top:250px;\">\n\t\t\t<img width=\"1020\" height=\"680\" src=\"https:\/\/luatdoangia.vn\/wp-content\/uploads\/2022\/06\/MINH7753-1-1024x683.jpg\" class=\"attachment-large size-large\" alt=\"\" loading=\"lazy\" srcset=\"https:\/\/luatdoangia.vn\/wp-content\/uploads\/2022\/06\/MINH7753-1-1024x683.jpg 1024w, https:\/\/luatdoangia.vn\/wp-content\/uploads\/2022\/06\/MINH7753-1-300x200.jpg 300w, https:\/\/luatdoangia.vn\/wp-content\/uploads\/2022\/06\/MINH7753-1-768x512.jpg 768w, https:\/\/luatdoangia.vn\/wp-content\/uploads\/2022\/06\/MINH7753-1-1536x1024.jpg 1536w, https:\/\/luatdoangia.vn\/wp-content\/uploads\/2022\/06\/MINH7753-1-2048x1365.jpg 2048w\" sizes=\"(max-width: 1020px) 100vw, 1020px\" \/>\t\t\t\t\t\t\n\t\t\t\t\t<\/div>\n\t\t\t\t\t\t\t\t\n<style>\n#image_224405291 {\n  width: 100%;\n}\n<\/style>\n\t<\/div>\n\t\n\t\t<\/div>\n\t\t\t\t\t<\/div>\n\n\t\n\n\t<div id=\"col-189239456\" class=\"col medium-4 small-12 large-4\"  >\n\t\t\t\t<div class=\"col-inner\"  >\n\t\t\t\n\t\t\t\n\t<div class=\"img has-hover x md-x lg-x y md-y lg-y\" id=\"image_203667228\">\n\t\t\t\t\t\t\t\t<div class=\"img-inner image-zoom-long image-cover dark\" style=\"padding-top:250px;\">\n\t\t\t<img width=\"1020\" height=\"713\" src=\"https:\/\/luatdoangia.vn\/wp-content\/uploads\/2022\/06\/MINH7337-1024x716.jpg\" class=\"attachment-large size-large\" alt=\"\" loading=\"lazy\" srcset=\"https:\/\/luatdoangia.vn\/wp-content\/uploads\/2022\/06\/MINH7337-1024x716.jpg 1024w, https:\/\/luatdoangia.vn\/wp-content\/uploads\/2022\/06\/MINH7337-300x210.jpg 300w, https:\/\/luatdoangia.vn\/wp-content\/uploads\/2022\/06\/MINH7337-768x537.jpg 768w, https:\/\/luatdoangia.vn\/wp-content\/uploads\/2022\/06\/MINH7337-1536x1074.jpg 1536w, https:\/\/luatdoangia.vn\/wp-content\/uploads\/2022\/06\/MINH7337-2048x1432.jpg 2048w\" sizes=\"(max-width: 1020px) 100vw, 1020px\" \/>\t\t\t\t\t\t\n\t\t\t\t\t<\/div>\n\t\t\t\t\t\t\t\t\n<style>\n#image_203667228 {\n  width: 100%;\n}\n<\/style>\n\t<\/div>\n\t\n\t\t<\/div>\n\t\t\t\t\t<\/div>\n\n\t\n<\/div>\n\t\t<\/div>\n\n\t\t\n<style>\n#section_523964863 {\n  padding-top: 33px;\n  padding-bottom: 33px;\n}\n<\/style>\n\t<\/section>\n\t\n","protected":false},"excerpt":{"rendered":"","protected":false},"author":1,"featured_media":0,"parent":37,"menu_order":0,"comment_status":"closed","ping_status":"closed","template":"page-blank-title-center.php","meta":[],"yoast_head":"<!-- This site is optimized with the Yoast SEO plugin v17.8 - https:\/\/yoast.com\/wordpress\/plugins\/seo\/ -->\n<title>V\u1ec1 ch\u00fang t\u00f4i &ndash; Lu\u1eadt \u0110o\u00e0n Gia<\/title>\n<meta name=\"robots\" content=\"index, follow, max-snippet:-1, max-image-preview:large, max-video-preview:-1\" \/>\n<link rel=\"canonical\" href=\"https:\/\/luatdoangia.vn\/index.php\/gioi-thieu\/ve-chung-toi\/\" \/>\n<meta property=\"og:locale\" content=\"vi_VN\" \/>\n<meta property=\"og:type\" content=\"article\" \/>\n<meta property=\"og:title\" content=\"V\u1ec1 ch\u00fang t\u00f4i &ndash; Lu\u1eadt \u0110o\u00e0n Gia\" \/>\n<meta property=\"og:url\" content=\"https:\/\/luatdoangia.vn\/index.php\/gioi-thieu\/ve-chung-toi\/\" \/>\n<meta property=\"og:site_name\" content=\"Lu\u1eadt \u0110o\u00e0n Gia\" \/>\n<meta property=\"article:modified_time\" content=\"2022-06-22T04:16:06+00:00\" \/>\n<meta name=\"twitter:card\" content=\"summary_large_image\" \/>\n<meta name=\"twitter:label1\" content=\"\u01af\u1edbc t\u00ednh th\u1eddi gian \u0111\u1ecdc\" \/>\n\t<meta name=\"twitter:data1\" content=\"2 ph\u00fat\" \/>\n<script type=\"application\/ld+json\" class=\"yoast-schema-graph\">{\"@context\":\"https:\/\/schema.org\",\"@graph\":[{\"@type\":\"WebSite\",\"@id\":\"https:\/\/luatdoangia.vn\/#website\",\"url\":\"https:\/\/luatdoangia.vn\/\",\"name\":\"Lu\\u1eadt \\u0110o\\u00e0n Gia\",\"description\":\"\\u0110i\\u1ec3m s\\u00e1ng ph\\u00e1p lu\\u1eadt\",\"potentialAction\":[{\"@type\":\"SearchAction\",\"target\":{\"@type\":\"EntryPoint\",\"urlTemplate\":\"https:\/\/luatdoangia.vn\/?s={search_term_string}\"},\"query-input\":\"required name=search_term_string\"}],\"inLanguage\":\"vi\"},{\"@type\":\"WebPage\",\"@id\":\"https:\/\/luatdoangia.vn\/index.php\/gioi-thieu\/ve-chung-toi\/#webpage\",\"url\":\"https:\/\/luatdoangia.vn\/index.php\/gioi-thieu\/ve-chung-toi\/\",\"name\":\"V\\u1ec1 ch\\u00fang t\\u00f4i &ndash; Lu\\u1eadt \\u0110o\\u00e0n Gia\",\"isPartOf\":{\"@id\":\"https:\/\/luatdoangia.vn\/#website\"},\"datePublished\":\"2022-06-07T07:07:47+00:00\",\"dateModified\":\"2022-06-22T04:16:06+00:00\",\"breadcrumb\":{\"@id\":\"https:\/\/luatdoangia.vn\/index.php\/gioi-thieu\/ve-chung-toi\/#breadcrumb\"},\"inLanguage\":\"vi\",\"potentialAction\":[{\"@type\":\"ReadAction\",\"target\":[\"https:\/\/luatdoangia.vn\/index.php\/gioi-thieu\/ve-chung-toi\/\"]}]},{\"@type\":\"BreadcrumbList\",\"@id\":\"https:\/\/luatdoangia.vn\/index.php\/gioi-thieu\/ve-chung-toi\/#breadcrumb\",\"itemListElement\":[{\"@type\":\"ListItem\",\"position\":1,\"name\":\"Gi\\u1edbi thi\\u1ec7u\",\"item\":\"https:\/\/luatdoangia.vn\/index.php\/gioi-thieu\/\"},{\"@type\":\"ListItem\",\"position\":2,\"name\":\"V\\u1ec1 ch\\u00fang t\\u00f4i\"}]}]}<\/script>\n<!-- \/ Yoast SEO plugin. -->","yoast_head_json":{"title":"V\u1ec1 ch\u00fang t\u00f4i &ndash; Lu\u1eadt \u0110o\u00e0n Gia","robots":{"index":"index","follow":"follow","max-snippet":"max-snippet:-1","max-image-preview":"max-image-preview:large","max-video-preview":"max-video-preview:-1"},"canonical":"https:\/\/luatdoangia.vn\/index.php\/gioi-thieu\/ve-chung-toi\/","og_locale":"vi_VN","og_type":"article","og_title":"V\u1ec1 ch\u00fang t\u00f4i &ndash; Lu\u1eadt \u0110o\u00e0n Gia","og_url":"https:\/\/luatdoangia.vn\/index.php\/gioi-thieu\/ve-chung-toi\/","og_site_name":"Lu\u1eadt \u0110o\u00e0n Gia","article_modified_time":"2022-06-22T04:16:06+00:00","twitter_card":"summary_large_image","twitter_misc":{"\u01af\u1edbc t\u00ednh th\u1eddi gian \u0111\u1ecdc":"2 ph\u00fat"},"schema":{"@context":"https:\/\/schema.org","@graph":[{"@type":"WebSite","@id":"https:\/\/luatdoangia.vn\/#website","url":"https:\/\/luatdoangia.vn\/","name":"Lu\u1eadt \u0110o\u00e0n Gia","description":"\u0110i\u1ec3m s\u00e1ng ph\u00e1p lu\u1eadt","potentialAction":[{"@type":"SearchAction","target":{"@type":"EntryPoint","urlTemplate":"https:\/\/luatdoangia.vn\/?s={search_term_string}"},"query-input":"required name=search_term_string"}],"inLanguage":"vi"},{"@type":"WebPage","@id":"https:\/\/luatdoangia.vn\/index.php\/gioi-thieu\/ve-chung-toi\/#webpage","url":"https:\/\/luatdoangia.vn\/index.php\/gioi-thieu\/ve-chung-toi\/","name":"V\u1ec1 ch\u00fang t\u00f4i &ndash; Lu\u1eadt \u0110o\u00e0n Gia","isPartOf":{"@id":"https:\/\/luatdoangia.vn\/#website"},"datePublished":"2022-06-07T07:07:47+00:00","dateModified":"2022-06-22T04:16:06+00:00","breadcrumb":{"@id":"https:\/\/luatdoangia.vn\/index.php\/gioi-thieu\/ve-chung-toi\/#breadcrumb"},"inLanguage":"vi","potentialAction":[{"@type":"ReadAction","target":["https:\/\/luatdoangia.vn\/index.php\/gioi-thieu\/ve-chung-toi\/"]}]},{"@type":"BreadcrumbList","@id":"https:\/\/luatdoangia.vn\/index.php\/gioi-thieu\/ve-chung-toi\/#breadcrumb","itemListElement":[{"@type":"ListItem","position":1,"name":"Gi\u1edbi thi\u1ec7u","item":"https:\/\/luatdoangia.vn\/index.php\/gioi-thieu\/"},{"@type":"ListItem","position":2,"name":"V\u1ec1 ch\u00fang t\u00f4i"}]}]}},"_links":{"self":[{"href":"https:\/\/luatdoangia.vn\/index.php\/wp-json\/wp\/v2\/pages\/605"}],"collection":[{"href":"https:\/\/luatdoangia.vn\/index.php\/wp-json\/wp\/v2\/pages"}],"about":[{"href":"https:\/\/luatdoangia.vn\/index.php\/wp-json\/wp\/v2\/types\/page"}],"author":[{"embeddable":true,"href":"https:\/\/luatdoangia.vn\/index.php\/wp-json\/wp\/v2\/users\/1"}],"replies":[{"embeddable":true,"href":"https:\/\/luatdoangia.vn\/index.php\/wp-json\/wp\/v2\/comments?post=605"}],"version-history":[{"count":42,"href":"https:\/\/luatdoangia.vn\/index.php\/wp-json\/wp\/v2\/pages\/605\/revisions"}],"predecessor-version":[{"id":1073,"href":"https:\/\/luatdoangia.vn\/index.php\/wp-json\/wp\/v2\/pages\/605\/revisions\/1073"}],"up":[{"embeddable":true,"href":"https:\/\/luatdoangia.vn\/index.php\/wp-json\/wp\/v2\/pages\/37"}],"wp:attachment":[{"href":"https:\/\/luatdoangia.vn\/index.php\/wp-json\/wp\/v2\/media?parent=605"}],"curies":[{"name":"wp","href":"https:\/\/api.w.org\/{rel}","templated":true}]}}